{"id":1420,"date":"2014-03-11T22:40:44","date_gmt":"2014-03-11T22:40:44","guid":{"rendered":"http:\/\/sandozean.de\/?page_id=1420"},"modified":"2025-05-13T17:52:27","modified_gmt":"2025-05-13T17:52:27","slug":"disclaimer","status":"publish","type":"page","link":"http:\/\/sandozean.de\/?page_id=1420","title":{"rendered":"Disclaimer"},"content":{"rendered":"<p><b>Haftungsausschluss<\/b><\/p>\n<p>F\u00fcr die Richtigkeit und Aktualit\u00e4t des Angebotes dieser Website kann keine Haftung \u00fcbernommen werden. Die Redaktion haftet nicht f\u00fcr Sch\u00e4den, welche durch die Nutzung fehlerhafter oder unvollst\u00e4ndiger Informationen verursacht wurden &#8211; sofern seitens der Webseitenbetreiber kein nachweislich vors\u00e4tzliches oder grob fahrl\u00e4ssiges Verschulden vorliegt.<\/p>\n<p>Alle Angebote sind freibleibend und unverbindlich. Die Redaktion beh\u00e4lt es sich ausdr\u00fccklich vor, Teile der Seite oder den gesamten Inhalt ohne gesonderte Ank\u00fcndigung zu ver\u00e4ndern, zu erg\u00e4nzen, zu l\u00f6schen oder die Ver\u00f6ffentlichung zeitweise oder endg\u00fcltig einzustellen.<\/p>\n<p>Kommentare spiegeln ausschlie\u00dflich die Meinung der Verfasserin\/des Verfassers wieder.<\/p>\n<p>Trotz sorgf\u00e4ltiger inhaltlicher Kontrolle \u00fcbernehmen wir keine Haftung f\u00fcr die Inhalte externer Links. F\u00fcr den Inhalt der verlinkten Seiten sind ausschlie\u00dflich deren Betreiber verantwortlich.<\/p>\n<p><b>Urheberrecht<\/b><\/p>\n<p>Die Rechte aller bei &#8222;sandozean.de&#8220; eingestellten Texte, der Sounds und des Bildmaterials liegen bei den jeweiligen Autoren und K\u00fcnstlern bzw. den Eigent\u00fcmern, Herstellern und Lizenzinhabern. Eine Vervielf\u00e4ltigung oder Ver\u00f6ffentlichung dieses Materials ist ohne ausdr\u00fcckliche Zustimmung des Autors bzw. Lizenzinhabers nicht gestattet!<\/p>\n<p>Eventuelle Copyright-Verletzungen seitens der Redaktion von &#8222;sandozean.de&#8220; sind nicht beabsichtigt. Die Webseitenbetreiber sind bestrebt, in allen Publikationen die Urheberrechte der verwendeten Grafiken, Sounds und Texte zu beachten, selbst erstellte Grafiken, Sounds und Texte zu nutzen oder auf lizenzfreie Grafiken, Sounds und Texte zur\u00fcck zu greifen.<\/p>\n<p>Sollte sich bei &#8222;sandozean.de&#8220; dennoch eine ungekennzeichnete, aber durch fremdes Copyright gesch\u00e4tzte Grafik, ein Sound oder Text befinden, so werden die Webseitenbetreiber das entsprechende Objekt entfernen oder mit dem korrekten Copyright kennzeichnen.<\/p>\n<p>Star Trek ist ein eingetragenes Warenzeichen von Paramount Pictures. Die Verwendung dieses Titels und damit verwandter Begriffe verfolgt nicht die Absicht einer Urheberrechtsverletzung.<\/p>\n","protected":false},"excerpt":{"rendered":"<p>Haftungsausschluss F\u00fcr die Richtigkeit und Aktualit\u00e4t des Angebotes dieser Website kann keine Haftung \u00fcbernommen werden. Die Redaktion haftet nicht f\u00fcr Sch\u00e4den, welche durch die Nutzung fehlerhafter oder unvollst\u00e4ndiger Informationen verursacht wurden &#8211; sofern seitens der Webseitenbetreiber kein nachweislich vors\u00e4tzliches oder grob fahrl\u00e4ssiges Verschulden vorliegt. Alle Angebote sind freibleibend und unverbindlich. Die Redaktion beh\u00e4lt es sich ausdr\u00fccklich vor, Teile der Seite oder den gesamten Inhalt ohne gesonderte Ank\u00fcndigung zu ver\u00e4ndern, zu erg\u00e4nzen, zu l\u00f6schen oder die Ver\u00f6ffentlichung zeitweise oder endg\u00fcltig einzustellen. Kommentare spiegeln ausschlie\u00dflich die Meinung der Verfasserin\/des Verfassers wieder. Trotz sorgf\u00e4ltiger inhaltlicher Kontrolle \u00fcbernehmen wir keine Haftung f\u00fcr die Inhalte externer Links. F\u00fcr den Inhalt der verlinkten Seiten sind ausschlie\u00dflich deren Betreiber verantwortlich. Urheberrecht Die Rechte aller bei &#8222;sandozean.de&#8220; eingestellten Texte, der Sounds und des Bildmaterials liegen bei den jeweiligen Autoren und K\u00fcnstlern bzw. den Eigent\u00fcmern, Herstellern und Lizenzinhabern. Eine Vervielf\u00e4ltigung oder Ver\u00f6ffentlichung dieses Materials ist ohne ausdr\u00fcckliche Zustimmung des Autors bzw. Lizenzinhabers nicht gestattet! Eventuelle Copyright-Verletzungen seitens der Redaktion von &#8222;sandozean.de&#8220; sind nicht beabsichtigt. Die Webseitenbetreiber sind bestrebt, in allen Publikationen die Urheberrechte der verwendeten Grafiken, Sounds und Texte zu beachten, selbst erstellte Grafiken, Sounds und Texte zu nutzen oder auf lizenzfreie Grafiken, Sounds und Texte zur\u00fcck zu greifen. Sollte sich bei &#8222;sandozean.de&#8220; dennoch eine ungekennzeichnete, aber durch fremdes Copyright gesch\u00e4tzte Grafik, ein Sound oder Text befinden, so werden die Webseitenbetreiber das entsprechende Objekt entfernen oder mit dem korrekten Copyright kennzeichnen. Star Trek ist ein eingetragenes Warenzeichen von Paramount Pictures. Die Verwendung dieses Titels und damit verwandter Begriffe verfolgt <a class=\"read-more\" href=\"http:\/\/sandozean.de\/?page_id=1420\">Continue Reading &#8594;<\/a><\/p>\n","protected":false},"author":1,"featured_media":0,"parent":0,"menu_order":0,"comment_status":"open","ping_status":"open","template":"","meta":{"ca_portfolio_gallery_project_year":"","ca_portfolio_gallery_client":"","ca_portfolio_gallery_skills":"","ca_portfolio_gallery_url":"","ngg_post_thumbnail":0},"_links":{"self":[{"href":"http:\/\/sandozean.de\/index.php?rest_route=\/wp\/v2\/pages\/1420"}],"collection":[{"href":"http:\/\/sandozean.de\/index.php?rest_route=\/wp\/v2\/pages"}],"about":[{"href":"http:\/\/sandozean.de\/index.php?rest_route=\/wp\/v2\/types\/page"}],"author":[{"embeddable":true,"href":"http:\/\/sandozean.de\/index.php?rest_route=\/wp\/v2\/users\/1"}],"replies":[{"embeddable":true,"href":"http:\/\/sandozean.de\/index.php?rest_route=%2Fwp%2Fv2%2Fcomments&post=1420"}],"version-history":[{"count":4,"href":"http:\/\/sandozean.de\/index.php?rest_route=\/wp\/v2\/pages\/1420\/revisions"}],"predecessor-version":[{"id":3825,"href":"http:\/\/sandozean.de\/index.php?rest_route=\/wp\/v2\/pages\/1420\/revisions\/3825"}],"wp:attachment":[{"href":"http:\/\/sandozean.de\/index.php?rest_route=%2Fwp%2Fv2%2Fmedia&parent=1420"}],"curies":[{"name":"wp","href":"https:\/\/api.w.org\/{rel}","templated":true}]}}